{"id":254,"date":"2022-10-26T16:43:16","date_gmt":"2022-10-26T14:43:16","guid":{"rendered":"https:\/\/innovahead.com\/?page_id=254"},"modified":"2022-10-26T17:28:55","modified_gmt":"2022-10-26T15:28:55","slug":"privacy-policy","status":"publish","type":"page","link":"https:\/\/innovahead.com\/es\/privacy-policy\/","title":{"rendered":"Pol\u00edtica de Privacidad"},"content":{"rendered":"<div data-elementor-type=\"wp-page\" data-elementor-id=\"254\" class=\"elementor elementor-254\">\n\t\t\t\t\t\t<section class=\"elementor-section elementor-top-section elementor-element elementor-element-2f19e7cb elementor-section-boxed elementor-section-height-default elementor-section-height-default\" data-id=\"2f19e7cb\" data-element_type=\"section\" data-e-type=\"section\">\n\t\t\t\t\t\t<div class=\"elementor-container elementor-column-gap-default\">\n\t\t\t\t\t<div class=\"elementor-column elementor-col-100 elementor-top-column elementor-element elementor-element-22d79880\" data-id=\"22d79880\" data-element_type=\"column\" data-e-type=\"column\">\n\t\t\t<div class=\"elementor-widget-wrap elementor-element-populated\">\n\t\t\t\t\t\t<div class=\"elementor-element elementor-element-797e856b elementor-widget elementor-widget-text-editor\" data-id=\"797e856b\" data-element_type=\"widget\" data-e-type=\"widget\" data-widget_type=\"text-editor.default\">\n\t\t\t\t<div class=\"elementor-widget-container\">\n\t\t\t\t\t\t\t\t\t<p style=\"box-sizing: inherit; font-size: 14px; color: #444444; font-family: Inter, sans-serif;\"><i style=\"box-sizing: inherit;\">Esta Pol\u00edtica de privacidad se actualiz\u00f3 por \u00faltima vez el 26 de octubre de 2022.<\/i><\/p><h2 style=\"box-sizing: inherit; font-size: 22px; margin-bottom: 10px; margin-top: 15px; padding-bottom: 10px; font-family: Inter, sans-serif;\">1. Introducci\u00f3n<\/h2><p style=\"box-sizing: inherit; font-size: 14px; color: #444444; font-family: Inter, sans-serif;\">InnovAhead (\"nosotros\", \"nosotros\" o \"nuestro\") opera el sitio web de innovAhead (el \"Servicio\").<\/p><p style=\"box-sizing: inherit; font-size: 14px; color: #444444; font-family: Inter, sans-serif;\">Esta p\u00e1gina le informa sobre nuestras pol\u00edticas con respecto a la recopilaci\u00f3n, el uso y la divulgaci\u00f3n de informaci\u00f3n personal cuando utiliza nuestro Servicio.<\/p><p style=\"box-sizing: inherit; font-size: 14px; color: #444444; font-family: Inter, sans-serif;\">No usaremos ni compartiremos su informaci\u00f3n con nadie excepto como se describe en esta Pol\u00edtica de privacidad.<\/p><p style=\"box-sizing: inherit; font-size: 14px; color: #444444; font-family: Inter, sans-serif;\">Usamos su informaci\u00f3n personal para proporcionar y mejorar el servicio. Al usar el Servicio, usted acepta la recopilaci\u00f3n y el uso de informaci\u00f3n de acuerdo con esta pol\u00edtica. A menos que se defina lo contrario en esta Pol\u00edtica de privacidad, los t\u00e9rminos utilizados en esta Pol\u00edtica de privacidad tienen los mismos significados que en nuestros T\u00e9rminos y condiciones, accesibles <a href=\"https:\/\/innovahead.com\/es\/terms-conditions\/\">aqu\u00ed<\/a>.<\/p><h2 style=\"box-sizing: inherit; font-size: 22px; margin-bottom: 10px; margin-top: 15px; padding-bottom: 10px; font-family: Inter, sans-serif;\">2. Recopilaci\u00f3n y uso de informaci\u00f3n<\/h2><p style=\"box-sizing: inherit; font-size: 14px; color: #444444; font-family: Inter, sans-serif;\">Mientras usa nuestro Servicio, podemos pedirle que nos proporcione cierta informaci\u00f3n de identificaci\u00f3n personal que se puede usar para contactarlo o identificarlo. La informaci\u00f3n de identificaci\u00f3n personal (\"Informaci\u00f3n personal\") puede incluir, entre otros:<\/p><ul><li style=\"box-sizing: inherit; font-size: 14px; color: #444444; font-family: Inter, sans-serif;\">Nombre<\/li><li style=\"box-sizing: inherit; font-size: 14px; color: #444444; font-family: Inter, sans-serif;\">Email<\/li><li style=\"box-sizing: inherit; font-size: 14px; color: #444444; font-family: Inter, sans-serif;\">Tel\u00e9fono<\/li><\/ul><h2 style=\"box-sizing: inherit; font-size: 22px; margin-bottom: 10px; margin-top: 15px; padding-bottom: 10px; font-family: Inter, sans-serif;\">3. Datos de registro<\/h2><p style=\"box-sizing: inherit; font-size: 14px; color: #444444; font-family: Inter, sans-serif;\">Recopilamos informaci\u00f3n que su navegador env\u00eda cada vez que visita nuestro Servicio (\"Datos de registro\"). Estos datos de registro pueden incluir informaci\u00f3n como la direcci\u00f3n del Protocolo de Internet (\"IP\") de su computadora, el tipo de navegador, la versi\u00f3n del navegador, las p\u00e1ginas de nuestro Servicio que visita, la hora y la fecha de su visita, el tiempo dedicado a esas p\u00e1ginas y otros Estad\u00edsticas.<\/p><h2 style=\"box-sizing: inherit; font-size: 22px; margin-bottom: 10px; margin-top: 15px; padding-bottom: 10px; font-family: Inter, sans-serif;\">4. Cookies<\/h2><p style=\"box-sizing: inherit; font-size: 14px; color: #444444; font-family: Inter, sans-serif;\">Las cookies son archivos con una peque\u00f1a cantidad de datos, que pueden incluir un identificador \u00fanico an\u00f3nimo. Las cookies se env\u00edan a su navegador desde un sitio web y se almacenan en el disco duro de su computadora.<\/p><p style=\"box-sizing: inherit; font-size: 14px; color: #444444; font-family: Inter, sans-serif;\">Utilizamos \u201ccookies\u201d para recopilar informaci\u00f3n. Puede indicar a su navegador que rechace todas las cookies o que indique cu\u00e1ndo se env\u00eda una cookie. Sin embargo, si no acepta las cookies, es posible que no pueda utilizar algunas partes de nuestro Servicio.<\/p><h2 style=\"box-sizing: inherit; font-size: 22px; margin-bottom: 10px; margin-top: 15px; padding-bottom: 10px; font-family: Inter, sans-serif;\">5. Proveedores de servicios<\/h2><p style=\"box-sizing: inherit; font-size: 14px; color: #444444; font-family: Inter, sans-serif;\">Podemos emplear empresas e individuos de terceros para facilitar nuestro Servicio, para proporcionar el Servicio en nuestro nombre, para realizar servicios relacionados con el Servicio o para ayudarnos a analizar c\u00f3mo se utiliza nuestro Servicio.<\/p><p style=\"box-sizing: inherit; font-size: 14px; color: #444444; font-family: Inter, sans-serif;\">Estos terceros tienen acceso a su informaci\u00f3n personal solo para realizar estas tareas en nuestro nombre y est\u00e1n obligados a no divulgarla ni utilizarla para ning\u00fan otro prop\u00f3sito.<\/p><h2 style=\"box-sizing: inherit; font-size: 22px; margin-bottom: 10px; margin-top: 15px; padding-bottom: 10px; font-family: Inter, sans-serif;\">6. Seguridad<\/h2><p style=\"box-sizing: inherit; font-size: 14px; color: #444444; font-family: Inter, sans-serif;\">La seguridad de su informaci\u00f3n personal es importante para nosotros, pero recuerde que ning\u00fan m\u00e9todo de transmisi\u00f3n por Internet o m\u00e9todo de almacenamiento electr\u00f3nico es 100 % seguro. Si bien nos esforzamos por utilizar medios comercialmente aceptables para proteger su informaci\u00f3n personal, no podemos garantizar su seguridad absoluta.<\/p><h2 style=\"box-sizing: inherit; font-size: 22px; margin-bottom: 10px; margin-top: 15px; padding-bottom: 10px; font-family: Inter, sans-serif;\">7. Enlaces a otros sitios<\/h2><p style=\"box-sizing: inherit; font-size: 14px; color: #444444; font-family: Inter, sans-serif;\">Nuestro Servicio puede contener enlaces a otros sitios que no son operados por nosotros. Si hace clic en el enlace de un tercero, ser\u00e1 dirigido al sitio de ese tercero. Le recomendamos encarecidamente que revise la Pol\u00edtica de privacidad de cada sitio que visite.<\/p><p style=\"box-sizing: inherit; font-size: 14px; color: #444444; font-family: Inter, sans-serif;\">No tenemos control ni asumimos ninguna responsabilidad por el contenido, las pol\u00edticas de privacidad o las pr\u00e1cticas de sitios o servicios de terceros.<\/p><h2 style=\"box-sizing: inherit; font-size: 22px; margin-bottom: 10px; margin-top: 15px; padding-bottom: 10px; font-family: Inter, sans-serif;\">8. Privacidad de los ni\u00f1os<\/h2><p style=\"box-sizing: inherit; font-size: 14px; color: #444444; font-family: Inter, sans-serif;\">Nuestro Servicio no se dirige a ninguna persona menor de 18 a\u00f1os (\"Ni\u00f1os\").<\/p><p style=\"box-sizing: inherit; font-size: 14px; color: #444444; font-family: Inter, sans-serif;\">No recopilamos a sabiendas informaci\u00f3n de identificaci\u00f3n personal de ni\u00f1os menores de 18 a\u00f1os. Si usted es padre o tutor y sabe que su hijo nos ha proporcionado informaci\u00f3n personal, comun\u00edquese con nosotros. Si descubrimos que un ni\u00f1o menor de 18 a\u00f1os nos ha proporcionado informaci\u00f3n personal, eliminaremos dicha informaci\u00f3n de nuestros servidores de inmediato.<\/p><h2 style=\"box-sizing: inherit; font-size: 22px; margin-bottom: 10px; margin-top: 15px; padding-bottom: 10px; font-family: Inter, sans-serif;\">9. Cumplimiento de las Leyes<\/h2><p style=\"box-sizing: inherit; font-size: 14px; color: #444444; font-family: Inter, sans-serif;\">Divulgaremos su informaci\u00f3n personal cuando as\u00ed lo exija la ley o una citaci\u00f3n.<\/p><h2 style=\"box-sizing: inherit; font-size: 22px; margin-bottom: 10px; margin-top: 15px; padding-bottom: 10px; font-family: Inter, sans-serif;\">10. Cambios a esta Pol\u00edtica de Privacidad<\/h2><p style=\"box-sizing: inherit; font-size: 14px; color: #444444; font-family: Inter, sans-serif;\">Es posible que actualicemos nuestra Pol\u00edtica de privacidad de vez en cuando. Le notificaremos cualquier cambio publicando la nueva Pol\u00edtica de Privacidad en esta p\u00e1gina.<\/p><p style=\"box-sizing: inherit; font-size: 14px; color: #444444; font-family: Inter, sans-serif;\">Se le recomienda revisar esta Pol\u00edtica de Privacidad peri\u00f3dicamente para cualquier cambio. Los cambios a esta Pol\u00edtica de privacidad son efectivos cuando se publican en esta p\u00e1gina.<\/p><h2 style=\"box-sizing: inherit; font-size: 22px; margin-bottom: 10px; margin-top: 15px; padding-bottom: 10px; font-family: Inter, sans-serif;\">11. Contacta con nosotros<\/h2><p style=\"box-sizing: inherit; font-size: 14px; color: #444444; font-family: Inter, sans-serif;\">Si tiene alguna pregunta sobre esta Pol\u00edtica de privacidad, cont\u00e1ctenos.<\/p><p><!-- \/wp:paragraph --><\/p>\t\t\t\t\t\t\t\t<\/div>\n\t\t\t\t<\/div>\n\t\t\t\t\t<\/div>\n\t\t<\/div>\n\t\t\t\t\t<\/div>\n\t\t<\/section>\n\t\t\t\t<\/div>","protected":false},"excerpt":{"rendered":"<p>This Privacy Policy was last updated on October 26th, 2022. 1. Introduction InnovAhead (&#8220;us&#8221;, &#8220;we&#8221;, or &#8220;our&#8221;) operates the innovAhead website (the &#8220;Service&#8221;). This page informs you of our policies regarding the collection, use and disclosure of Personal Information when you use our Service. We will not use or share your information with anyone except &hellip; <\/p>\n<p class=\"link-more\"><a href=\"https:\/\/innovahead.com\/es\/privacy-policy\/\" class=\"more-link\">Leer m\u00e1s<span class=\"screen-reader-text\"> \u00abPrivacy Policy\u00bb<\/span><\/a><\/p>","protected":false},"author":1,"featured_media":0,"parent":0,"menu_order":0,"comment_status":"closed","ping_status":"closed","template":"","meta":{"footnotes":""},"class_list":["post-254","page","type-page","status-publish","hentry"],"yoast_head":"<!-- This site is optimized with the Yoast SEO plugin v27.4 - https:\/\/yoast.com\/product\/yoast-seo-wordpress\/ -->\n<title>Privacy Policy - innovAhead<\/title>\n<meta name=\"robots\" content=\"index, follow, max-snippet:-1, max-image-preview:large, max-video-preview:-1\" \/>\n<link rel=\"canonical\" href=\"https:\/\/innovahead.com\/es\/privacy-policy\/\" \/>\n<meta property=\"og:locale\" content=\"es_ES\" \/>\n<meta property=\"og:type\" content=\"article\" \/>\n<meta property=\"og:title\" content=\"Privacy Policy - innovAhead\" \/>\n<meta property=\"og:description\" content=\"This Privacy Policy was last updated on October 26th, 2022. 1. Introduction InnovAhead (&#8220;us&#8221;, &#8220;we&#8221;, or &#8220;our&#8221;) operates the innovAhead website (the &#8220;Service&#8221;). This page informs you of our policies regarding the collection, use and disclosure of Personal Information when you use our Service. We will not use or share your information with anyone except &hellip; Leer m\u00e1s \u00abPrivacy Policy\u00bb\" \/>\n<meta property=\"og:url\" content=\"https:\/\/innovahead.com\/es\/privacy-policy\/\" \/>\n<meta property=\"og:site_name\" content=\"innovAhead\" \/>\n<meta property=\"article:modified_time\" content=\"2022-10-26T15:28:55+00:00\" \/>\n<meta name=\"twitter:card\" content=\"summary_large_image\" \/>\n<meta name=\"twitter:label1\" content=\"Tiempo de lectura\" \/>\n\t<meta name=\"twitter:data1\" content=\"3 minutos\" \/>\n<script type=\"application\/ld+json\" class=\"yoast-schema-graph\">{\"@context\":\"https:\\\/\\\/schema.org\",\"@graph\":[{\"@type\":\"WebPage\",\"@id\":\"https:\\\/\\\/innovahead.com\\\/privacy-policy\\\/\",\"url\":\"https:\\\/\\\/innovahead.com\\\/privacy-policy\\\/\",\"name\":\"Privacy Policy - innovAhead\",\"isPartOf\":{\"@id\":\"https:\\\/\\\/innovahead.com\\\/#website\"},\"datePublished\":\"2022-10-26T14:43:16+00:00\",\"dateModified\":\"2022-10-26T15:28:55+00:00\",\"breadcrumb\":{\"@id\":\"https:\\\/\\\/innovahead.com\\\/privacy-policy\\\/#breadcrumb\"},\"inLanguage\":\"es\",\"potentialAction\":[{\"@type\":\"ReadAction\",\"target\":[\"https:\\\/\\\/innovahead.com\\\/privacy-policy\\\/\"]}]},{\"@type\":\"BreadcrumbList\",\"@id\":\"https:\\\/\\\/innovahead.com\\\/privacy-policy\\\/#breadcrumb\",\"itemListElement\":[{\"@type\":\"ListItem\",\"position\":1,\"name\":\"Home\",\"item\":\"https:\\\/\\\/innovahead.com\\\/\"},{\"@type\":\"ListItem\",\"position\":2,\"name\":\"Privacy Policy\"}]},{\"@type\":\"WebSite\",\"@id\":\"https:\\\/\\\/innovahead.com\\\/#website\",\"url\":\"https:\\\/\\\/innovahead.com\\\/\",\"name\":\"innovAhead\",\"description\":\"Business Intelligence, Data Science &amp; CRM\",\"publisher\":{\"@id\":\"https:\\\/\\\/innovahead.com\\\/#organization\"},\"potentialAction\":[{\"@type\":\"SearchAction\",\"target\":{\"@type\":\"EntryPoint\",\"urlTemplate\":\"https:\\\/\\\/innovahead.com\\\/?s={search_term_string}\"},\"query-input\":{\"@type\":\"PropertyValueSpecification\",\"valueRequired\":true,\"valueName\":\"search_term_string\"}}],\"inLanguage\":\"es\"},{\"@type\":\"Organization\",\"@id\":\"https:\\\/\\\/innovahead.com\\\/#organization\",\"name\":\"innovAhead\",\"url\":\"https:\\\/\\\/innovahead.com\\\/\",\"logo\":{\"@type\":\"ImageObject\",\"inLanguage\":\"es\",\"@id\":\"https:\\\/\\\/innovahead.com\\\/#\\\/schema\\\/logo\\\/image\\\/\",\"url\":\"https:\\\/\\\/innovahead.com\\\/wp-content\\\/uploads\\\/2023\\\/03\\\/cropped-Logo-2023-PNG-2.png\",\"contentUrl\":\"https:\\\/\\\/innovahead.com\\\/wp-content\\\/uploads\\\/2023\\\/03\\\/cropped-Logo-2023-PNG-2.png\",\"width\":788,\"height\":155,\"caption\":\"innovAhead\"},\"image\":{\"@id\":\"https:\\\/\\\/innovahead.com\\\/#\\\/schema\\\/logo\\\/image\\\/\"},\"sameAs\":[\"https:\\\/\\\/www.linkedin.com\\\/company\\\/innovahead\"]}]}<\/script>\n<!-- \/ Yoast SEO plugin. -->","yoast_head_json":{"title":"Privacy Policy - innovAhead","robots":{"index":"index","follow":"follow","max-snippet":"max-snippet:-1","max-image-preview":"max-image-preview:large","max-video-preview":"max-video-preview:-1"},"canonical":"https:\/\/innovahead.com\/es\/privacy-policy\/","og_locale":"es_ES","og_type":"article","og_title":"Privacy Policy - innovAhead","og_description":"This Privacy Policy was last updated on October 26th, 2022. 1. Introduction InnovAhead (&#8220;us&#8221;, &#8220;we&#8221;, or &#8220;our&#8221;) operates the innovAhead website (the &#8220;Service&#8221;). This page informs you of our policies regarding the collection, use and disclosure of Personal Information when you use our Service. We will not use or share your information with anyone except &hellip; Leer m\u00e1s \u00abPrivacy Policy\u00bb","og_url":"https:\/\/innovahead.com\/es\/privacy-policy\/","og_site_name":"innovAhead","article_modified_time":"2022-10-26T15:28:55+00:00","twitter_card":"summary_large_image","twitter_misc":{"Tiempo de lectura":"3 minutos"},"schema":{"@context":"https:\/\/schema.org","@graph":[{"@type":"WebPage","@id":"https:\/\/innovahead.com\/privacy-policy\/","url":"https:\/\/innovahead.com\/privacy-policy\/","name":"Privacy Policy - innovAhead","isPartOf":{"@id":"https:\/\/innovahead.com\/#website"},"datePublished":"2022-10-26T14:43:16+00:00","dateModified":"2022-10-26T15:28:55+00:00","breadcrumb":{"@id":"https:\/\/innovahead.com\/privacy-policy\/#breadcrumb"},"inLanguage":"es","potentialAction":[{"@type":"ReadAction","target":["https:\/\/innovahead.com\/privacy-policy\/"]}]},{"@type":"BreadcrumbList","@id":"https:\/\/innovahead.com\/privacy-policy\/#breadcrumb","itemListElement":[{"@type":"ListItem","position":1,"name":"Home","item":"https:\/\/innovahead.com\/"},{"@type":"ListItem","position":2,"name":"Privacy Policy"}]},{"@type":"WebSite","@id":"https:\/\/innovahead.com\/#website","url":"https:\/\/innovahead.com\/","name":"innovAhead","description":"Business Intelligence, Data Science &amp; CRM","publisher":{"@id":"https:\/\/innovahead.com\/#organization"},"potentialAction":[{"@type":"SearchAction","target":{"@type":"EntryPoint","urlTemplate":"https:\/\/innovahead.com\/?s={search_term_string}"},"query-input":{"@type":"PropertyValueSpecification","valueRequired":true,"valueName":"search_term_string"}}],"inLanguage":"es"},{"@type":"Organization","@id":"https:\/\/innovahead.com\/#organization","name":"innovAhead","url":"https:\/\/innovahead.com\/","logo":{"@type":"ImageObject","inLanguage":"es","@id":"https:\/\/innovahead.com\/#\/schema\/logo\/image\/","url":"https:\/\/innovahead.com\/wp-content\/uploads\/2023\/03\/cropped-Logo-2023-PNG-2.png","contentUrl":"https:\/\/innovahead.com\/wp-content\/uploads\/2023\/03\/cropped-Logo-2023-PNG-2.png","width":788,"height":155,"caption":"innovAhead"},"image":{"@id":"https:\/\/innovahead.com\/#\/schema\/logo\/image\/"},"sameAs":["https:\/\/www.linkedin.com\/company\/innovahead"]}]}},"featured_media_urls":[],"_links":{"self":[{"href":"https:\/\/innovahead.com\/es\/wp-json\/wp\/v2\/pages\/254","targetHints":{"allow":["GET"]}}],"collection":[{"href":"https:\/\/innovahead.com\/es\/wp-json\/wp\/v2\/pages"}],"about":[{"href":"https:\/\/innovahead.com\/es\/wp-json\/wp\/v2\/types\/page"}],"author":[{"embeddable":true,"href":"https:\/\/innovahead.com\/es\/wp-json\/wp\/v2\/users\/1"}],"replies":[{"embeddable":true,"href":"https:\/\/innovahead.com\/es\/wp-json\/wp\/v2\/comments?post=254"}],"version-history":[{"count":19,"href":"https:\/\/innovahead.com\/es\/wp-json\/wp\/v2\/pages\/254\/revisions"}],"predecessor-version":[{"id":310,"href":"https:\/\/innovahead.com\/es\/wp-json\/wp\/v2\/pages\/254\/revisions\/310"}],"wp:attachment":[{"href":"https:\/\/innovahead.com\/es\/wp-json\/wp\/v2\/media?parent=254"}],"curies":[{"name":"wp","href":"https:\/\/api.w.org\/{rel}","templated":true}]}}