{"id":34,"date":"2022-10-25T14:30:24","date_gmt":"2022-10-25T12:30:24","guid":{"rendered":"http:\/\/innovahead.com\/?page_id=34"},"modified":"2025-02-26T13:36:39","modified_gmt":"2025-02-26T12:36:39","slug":"home","status":"publish","type":"page","link":"https:\/\/innovahead.com\/es\/","title":{"rendered":"Nuestra raz\u00f3n de ser es cubrir tus necesidades de BI"},"content":{"rendered":"<p class=\"has-text-align-center\"><meta charset=\"utf-8\">InnovAhead es una empresa de consultor\u00eda tecnol\u00f3gica que trabaja en equipo con sus clientes y satisface apasionadamente sus necesidades en gesti\u00f3n de datos, Business Intelligence, an\u00e1lisis de datos y Big Data, implementaciones en la nube y CRM.<\/p>\n\n\n\n<div style=\"height:55px\" aria-hidden=\"true\" class=\"wp-block-spacer\"><\/div>\n\n\n\n<div class=\"wp-block-group alignfull has-background\" style=\"background-color:#e5e9ec\"><div class=\"wp-block-group__inner-container is-layout-flow wp-block-group-is-layout-flow\">\n<div class=\"wp-block-columns is-layout-flex wp-container-core-columns-is-layout-9d6595d7 wp-block-columns-is-layout-flex\">\n<div class=\"wp-block-column is-vertically-aligned-center is-layout-flow wp-block-column-is-layout-flow\">\n<h2 class=\"wp-block-heading\">Nuestros Servicios<\/h2>\n\n\n\n<p>Desde dise\u00f1ar cuadros de mando complejos hasta planificar y llevar a cabo la formaci\u00f3n de tu empresa.<\/p>\n\n\n\n<p>InnovAhead se encarga de todo el proceso de transformaci\u00f3n de su negocio y maximizaci\u00f3n del beneficio.<\/p>\n\n\n\n<div class=\"wp-block-buttons is-horizontal is-content-justification-left is-layout-flex wp-container-core-buttons-is-layout-7e5fce0a wp-block-buttons-is-layout-flex\">\n<div class=\"wp-block-button is-style-outline is-style-outline--1\"><a class=\"wp-block-button__link wp-element-button\" href=\"http:\/\/innovahead.com\/es\/services\/\">Servicios<\/a><\/div>\n<\/div>\n<\/div>\n\n\n\n<div class=\"wp-block-column is-layout-flow wp-block-column-is-layout-flow\">\n<div style=\"height:48px\" aria-hidden=\"true\" class=\"wp-block-spacer\"><\/div>\n\n\n\n<figure class=\"wp-block-image size-full\"><img fetchpriority=\"high\" decoding=\"async\" width=\"1000\" height=\"500\" src=\"http:\/\/innovahead.com\/wp-content\/uploads\/2022\/10\/business-software-systems.jpg\" alt=\"\" class=\"wp-image-23\" srcset=\"https:\/\/innovahead.com\/wp-content\/uploads\/2022\/10\/business-software-systems.jpg 1000w, https:\/\/innovahead.com\/wp-content\/uploads\/2022\/10\/business-software-systems-300x150.jpg 300w, https:\/\/innovahead.com\/wp-content\/uploads\/2022\/10\/business-software-systems-768x384.jpg 768w\" sizes=\"(max-width: 1000px) 100vw, 1000px\" \/><\/figure>\n<\/div>\n<\/div>\n<\/div><\/div>\n\n\n\n<div class=\"wp-block-group alignfull\"><div class=\"wp-block-group__inner-container is-layout-flow wp-block-group-is-layout-flow\">\n<div class=\"wp-block-columns are-vertically-aligned-center is-layout-flex wp-container-core-columns-is-layout-9d6595d7 wp-block-columns-is-layout-flex\">\n<div class=\"wp-block-column is-vertically-aligned-center is-layout-flow wp-block-column-is-layout-flow\">\n<p><\/p>\n\n\n\n<figure class=\"wp-block-image size-large\"><img decoding=\"async\" width=\"1024\" height=\"683\" src=\"https:\/\/innovahead.com\/wp-content\/uploads\/2022\/10\/Business-Intelligence1-1024x683.jpg\" alt=\"\" class=\"wp-image-22\" srcset=\"\" sizes=\"(max-width: 1024px) 100vw, 1024px\" data-srcset=\"\" \/><\/figure>\n<\/div>\n\n\n\n<div class=\"wp-block-column is-vertically-aligned-center is-layout-flow wp-block-column-is-layout-flow\">\n<h2 class=\"wp-block-heading\">Sobre nosotros<\/h2>\n\n\n\n<p>La cultura de nuestra empresa tiene una base centrada en el cliente.<\/p>\n\n\n\n<p>Nuestro equipo est\u00e1 comprometidos a brindar a nuestros clientes la mejor informaci\u00f3n para tomar las decisiones estrat\u00e9gicas correctas.<\/p>\n\n\n\n<div class=\"wp-block-buttons is-layout-flex wp-block-buttons-is-layout-flex\">\n<div class=\"wp-block-button is-style-outline is-style-outline--2\"><a class=\"wp-block-button__link wp-element-button\" href=\"http:\/\/innovahead.com\/es\/?page_id=87\">Con\u00f3cenos<\/a><\/div>\n<\/div>\n<\/div>\n<\/div>\n<\/div><\/div>\n\n\n\n<div class=\"wp-block-cover alignfull is-light has-parallax has-custom-content-position is-position-top-center is-position-center-center\" style=\"min-height:375px;aspect-ratio:unset;\"><span aria-hidden=\"true\" class=\"wp-block-cover__background has-black-background-color has-background-dim-40 has-background-dim\"><\/span><div class=\"wp-block-cover__image-background wp-image-29 has-parallax\" style=\"background-position:50% 50%;background-image:url(http:\/\/innovahead.com\/wp-content\/uploads\/2022\/10\/mindbi-universe.jpg)\"><\/div><div class=\"wp-block-cover__inner-container is-layout-flow wp-block-cover-is-layout-flow\">\n<p class=\"has-text-align-center has-text-color has-huge-font-size\" style=\"color:#fffffa;line-height:1.1\"><strong>Ten el futuro en tus propias manos<\/strong><\/p>\n\n\n\n<div style=\"height:39px\" aria-hidden=\"true\" class=\"wp-block-spacer\"><\/div>\n\n\n\n<div class=\"wp-block-buttons is-horizontal is-content-justification-center is-layout-flex wp-container-core-buttons-is-layout-499968f5 wp-block-buttons-is-layout-flex\">\n<div class=\"wp-block-button is-style-outline is-style-outline--3\"><a class=\"wp-block-button__link has-white-color has-text-color wp-element-button\" href=\"http:\/\/innovahead.com\/es\/?page_id=36\">Contacto<\/a><\/div>\n<\/div>\n<\/div><\/div>","protected":false},"excerpt":{"rendered":"<p>InnovAhead is a technology consulting company teaming up with its clients and passionately fulfilling their needs on Data Management, Business Intelligence, Data Analytics &amp; Big Data, Cloud Implementations and CRM Our Services From designing complex dashboards to planning and carrying out training at your company. InnovAhead takes care of the entire process of transforming your &hellip; <\/p>\n<p class=\"link-more\"><a href=\"https:\/\/innovahead.com\/es\/\" class=\"more-link\">Leer m\u00e1s<span class=\"screen-reader-text\"> \u00abOur passion is to fulfill your Data needs\u00bb<\/span><\/a><\/p>","protected":false},"author":1,"featured_media":51,"parent":0,"menu_order":0,"comment_status":"closed","ping_status":"closed","template":"","meta":{"footnotes":""},"class_list":["post-34","page","type-page","status-publish","has-post-thumbnail","hentry"],"yoast_head":"<!-- This site is optimized with the Yoast SEO plugin v27.3 - https:\/\/yoast.com\/product\/yoast-seo-wordpress\/ -->\n<title>innovAhead<\/title>\n<meta name=\"description\" content=\"A technology consulting company focused on solving our clients needs on Data Management, BI, Data Analytics &amp; Big Data, Cloud Impl. and CRM\" \/>\n<meta name=\"robots\" content=\"index, follow, max-snippet:-1, max-image-preview:large, max-video-preview:-1\" \/>\n<link rel=\"canonical\" href=\"https:\/\/innovahead.com\/es\/\" \/>\n<meta property=\"og:locale\" content=\"es_ES\" \/>\n<meta property=\"og:type\" content=\"article\" \/>\n<meta property=\"og:title\" content=\"innovAhead\" \/>\n<meta property=\"og:description\" content=\"A technology consulting company focused on solving our clients needs on Data Management, BI, Data Analytics &amp; Big Data, Cloud Impl. and CRM\" \/>\n<meta property=\"og:url\" content=\"https:\/\/innovahead.com\/es\/\" \/>\n<meta property=\"og:site_name\" content=\"innovAhead\" \/>\n<meta property=\"article:modified_time\" content=\"2025-02-26T12:36:39+00:00\" \/>\n<meta property=\"og:image\" content=\"https:\/\/innovahead.com\/wp-content\/uploads\/2022\/10\/InnovAhead-New-Company-Logo-February-2018-1-1-e1666705300404.png\" \/>\n\t<meta property=\"og:image:width\" content=\"112\" \/>\n\t<meta property=\"og:image:height\" content=\"112\" \/>\n\t<meta property=\"og:image:type\" content=\"image\/png\" \/>\n<meta name=\"twitter:card\" content=\"summary_large_image\" \/>\n<meta name=\"twitter:label1\" content=\"Tiempo de lectura\" \/>\n\t<meta name=\"twitter:data1\" content=\"2 minutos\" \/>\n<script type=\"application\/ld+json\" class=\"yoast-schema-graph\">{\"@context\":\"https:\\\/\\\/schema.org\",\"@graph\":[{\"@type\":\"WebPage\",\"@id\":\"https:\\\/\\\/innovahead.com\\\/\",\"url\":\"https:\\\/\\\/innovahead.com\\\/\",\"name\":\"innovAhead\",\"isPartOf\":{\"@id\":\"https:\\\/\\\/innovahead.com\\\/#website\"},\"primaryImageOfPage\":{\"@id\":\"https:\\\/\\\/innovahead.com\\\/#primaryimage\"},\"image\":{\"@id\":\"https:\\\/\\\/innovahead.com\\\/#primaryimage\"},\"thumbnailUrl\":\"https:\\\/\\\/innovahead.com\\\/wp-content\\\/uploads\\\/2022\\\/10\\\/InnovAhead-New-Company-Logo-February-2018-1-1-e1666705300404.png\",\"datePublished\":\"2022-10-25T12:30:24+00:00\",\"dateModified\":\"2025-02-26T12:36:39+00:00\",\"description\":\"A technology consulting company focused on solving our clients needs on Data Management, BI, Data Analytics & Big Data, Cloud Impl. and CRM\",\"breadcrumb\":{\"@id\":\"https:\\\/\\\/innovahead.com\\\/#breadcrumb\"},\"inLanguage\":\"es\",\"potentialAction\":[{\"@type\":\"ReadAction\",\"target\":[\"https:\\\/\\\/innovahead.com\\\/\"]}]},{\"@type\":\"ImageObject\",\"inLanguage\":\"es\",\"@id\":\"https:\\\/\\\/innovahead.com\\\/#primaryimage\",\"url\":\"https:\\\/\\\/innovahead.com\\\/wp-content\\\/uploads\\\/2022\\\/10\\\/InnovAhead-New-Company-Logo-February-2018-1-1-e1666705300404.png\",\"contentUrl\":\"https:\\\/\\\/innovahead.com\\\/wp-content\\\/uploads\\\/2022\\\/10\\\/InnovAhead-New-Company-Logo-February-2018-1-1-e1666705300404.png\",\"width\":112,\"height\":112},{\"@type\":\"BreadcrumbList\",\"@id\":\"https:\\\/\\\/innovahead.com\\\/#breadcrumb\",\"itemListElement\":[{\"@type\":\"ListItem\",\"position\":1,\"name\":\"Home\",\"item\":\"https:\\\/\\\/innovahead.com\\\/\"},{\"@type\":\"ListItem\",\"position\":2,\"name\":\"Our passion is to fulfill your Data needs\"}]},{\"@type\":\"WebSite\",\"@id\":\"https:\\\/\\\/innovahead.com\\\/#website\",\"url\":\"https:\\\/\\\/innovahead.com\\\/\",\"name\":\"innovAhead\",\"description\":\"Business Intelligence, Data Science &amp; CRM\",\"publisher\":{\"@id\":\"https:\\\/\\\/innovahead.com\\\/#organization\"},\"potentialAction\":[{\"@type\":\"SearchAction\",\"target\":{\"@type\":\"EntryPoint\",\"urlTemplate\":\"https:\\\/\\\/innovahead.com\\\/?s={search_term_string}\"},\"query-input\":{\"@type\":\"PropertyValueSpecification\",\"valueRequired\":true,\"valueName\":\"search_term_string\"}}],\"inLanguage\":\"es\"},{\"@type\":\"Organization\",\"@id\":\"https:\\\/\\\/innovahead.com\\\/#organization\",\"name\":\"innovAhead\",\"url\":\"https:\\\/\\\/innovahead.com\\\/\",\"logo\":{\"@type\":\"ImageObject\",\"inLanguage\":\"es\",\"@id\":\"https:\\\/\\\/innovahead.com\\\/#\\\/schema\\\/logo\\\/image\\\/\",\"url\":\"https:\\\/\\\/innovahead.com\\\/wp-content\\\/uploads\\\/2023\\\/03\\\/cropped-Logo-2023-PNG-2.png\",\"contentUrl\":\"https:\\\/\\\/innovahead.com\\\/wp-content\\\/uploads\\\/2023\\\/03\\\/cropped-Logo-2023-PNG-2.png\",\"width\":788,\"height\":155,\"caption\":\"innovAhead\"},\"image\":{\"@id\":\"https:\\\/\\\/innovahead.com\\\/#\\\/schema\\\/logo\\\/image\\\/\"},\"sameAs\":[\"https:\\\/\\\/www.linkedin.com\\\/company\\\/innovahead\"]}]}<\/script>\n<!-- \/ Yoast SEO plugin. -->","yoast_head_json":{"title":"innovAhead","description":"A technology consulting company focused on solving our clients needs on Data Management, BI, Data Analytics & Big Data, Cloud Impl. and CRM","robots":{"index":"index","follow":"follow","max-snippet":"max-snippet:-1","max-image-preview":"max-image-preview:large","max-video-preview":"max-video-preview:-1"},"canonical":"https:\/\/innovahead.com\/es\/","og_locale":"es_ES","og_type":"article","og_title":"innovAhead","og_description":"A technology consulting company focused on solving our clients needs on Data Management, BI, Data Analytics & Big Data, Cloud Impl. and CRM","og_url":"https:\/\/innovahead.com\/es\/","og_site_name":"innovAhead","article_modified_time":"2025-02-26T12:36:39+00:00","og_image":[{"width":112,"height":112,"url":"https:\/\/innovahead.com\/wp-content\/uploads\/2022\/10\/InnovAhead-New-Company-Logo-February-2018-1-1-e1666705300404.png","type":"image\/png"}],"twitter_card":"summary_large_image","twitter_misc":{"Tiempo de lectura":"2 minutos"},"schema":{"@context":"https:\/\/schema.org","@graph":[{"@type":"WebPage","@id":"https:\/\/innovahead.com\/","url":"https:\/\/innovahead.com\/","name":"innovAhead","isPartOf":{"@id":"https:\/\/innovahead.com\/#website"},"primaryImageOfPage":{"@id":"https:\/\/innovahead.com\/#primaryimage"},"image":{"@id":"https:\/\/innovahead.com\/#primaryimage"},"thumbnailUrl":"https:\/\/innovahead.com\/wp-content\/uploads\/2022\/10\/InnovAhead-New-Company-Logo-February-2018-1-1-e1666705300404.png","datePublished":"2022-10-25T12:30:24+00:00","dateModified":"2025-02-26T12:36:39+00:00","description":"A technology consulting company focused on solving our clients needs on Data Management, BI, Data Analytics & Big Data, Cloud Impl. and CRM","breadcrumb":{"@id":"https:\/\/innovahead.com\/#breadcrumb"},"inLanguage":"es","potentialAction":[{"@type":"ReadAction","target":["https:\/\/innovahead.com\/"]}]},{"@type":"ImageObject","inLanguage":"es","@id":"https:\/\/innovahead.com\/#primaryimage","url":"https:\/\/innovahead.com\/wp-content\/uploads\/2022\/10\/InnovAhead-New-Company-Logo-February-2018-1-1-e1666705300404.png","contentUrl":"https:\/\/innovahead.com\/wp-content\/uploads\/2022\/10\/InnovAhead-New-Company-Logo-February-2018-1-1-e1666705300404.png","width":112,"height":112},{"@type":"BreadcrumbList","@id":"https:\/\/innovahead.com\/#breadcrumb","itemListElement":[{"@type":"ListItem","position":1,"name":"Home","item":"https:\/\/innovahead.com\/"},{"@type":"ListItem","position":2,"name":"Our passion is to fulfill your Data needs"}]},{"@type":"WebSite","@id":"https:\/\/innovahead.com\/#website","url":"https:\/\/innovahead.com\/","name":"innovAhead","description":"Business Intelligence, Data Science &amp; CRM","publisher":{"@id":"https:\/\/innovahead.com\/#organization"},"potentialAction":[{"@type":"SearchAction","target":{"@type":"EntryPoint","urlTemplate":"https:\/\/innovahead.com\/?s={search_term_string}"},"query-input":{"@type":"PropertyValueSpecification","valueRequired":true,"valueName":"search_term_string"}}],"inLanguage":"es"},{"@type":"Organization","@id":"https:\/\/innovahead.com\/#organization","name":"innovAhead","url":"https:\/\/innovahead.com\/","logo":{"@type":"ImageObject","inLanguage":"es","@id":"https:\/\/innovahead.com\/#\/schema\/logo\/image\/","url":"https:\/\/innovahead.com\/wp-content\/uploads\/2023\/03\/cropped-Logo-2023-PNG-2.png","contentUrl":"https:\/\/innovahead.com\/wp-content\/uploads\/2023\/03\/cropped-Logo-2023-PNG-2.png","width":788,"height":155,"caption":"innovAhead"},"image":{"@id":"https:\/\/innovahead.com\/#\/schema\/logo\/image\/"},"sameAs":["https:\/\/www.linkedin.com\/company\/innovahead"]}]}},"featured_media_urls":{"thumbnail":["https:\/\/innovahead.com\/wp-content\/uploads\/2022\/10\/InnovAhead-New-Company-Logo-February-2018-1-1-150x150.png",150,150,true],"medium":["https:\/\/innovahead.com\/wp-content\/uploads\/2022\/10\/InnovAhead-New-Company-Logo-February-2018-1-1-300x59.png",300,59,true],"medium_large":["https:\/\/innovahead.com\/wp-content\/uploads\/2022\/10\/InnovAhead-New-Company-Logo-February-2018-1-1-768x151.png",768,151,true],"large":["https:\/\/innovahead.com\/wp-content\/uploads\/2022\/10\/InnovAhead-New-Company-Logo-February-2018-1-1-e1666705300404.png",112,112,false],"1536x1536":["https:\/\/innovahead.com\/wp-content\/uploads\/2022\/10\/InnovAhead-New-Company-Logo-February-2018-1-1-e1666705300404.png",112,112,false],"2048x2048":["https:\/\/innovahead.com\/wp-content\/uploads\/2022\/10\/InnovAhead-New-Company-Logo-February-2018-1-1-e1666705300404.png",112,112,false],"trp-custom-language-flag":["https:\/\/innovahead.com\/wp-content\/uploads\/2022\/10\/InnovAhead-New-Company-Logo-February-2018-1-1-e1666705300404.png",12,12,false],"inspiro-featured-image":["https:\/\/innovahead.com\/wp-content\/uploads\/2022\/10\/InnovAhead-New-Company-Logo-February-2018-1-1-e1666705300404.png",112,112,false],"inspiro-loop":["https:\/\/innovahead.com\/wp-content\/uploads\/2022\/10\/InnovAhead-New-Company-Logo-February-2018-1-1-e1666705300404.png",112,112,false],"inspiro-loop@2x":["https:\/\/innovahead.com\/wp-content\/uploads\/2022\/10\/InnovAhead-New-Company-Logo-February-2018-1-1-e1666705300404.png",112,112,false],"portfolio_item-thumbnail":["https:\/\/innovahead.com\/wp-content\/uploads\/2022\/10\/InnovAhead-New-Company-Logo-February-2018-1-1-600x155.png",600,155,true],"portfolio_item-thumbnail@2x":["https:\/\/innovahead.com\/wp-content\/uploads\/2022\/10\/InnovAhead-New-Company-Logo-February-2018-1-1-e1666705300404.png",112,112,false],"portfolio_item-masonry":["https:\/\/innovahead.com\/wp-content\/uploads\/2022\/10\/InnovAhead-New-Company-Logo-February-2018-1-1-600x118.png",600,118,true],"portfolio_item-masonry@2x":["https:\/\/innovahead.com\/wp-content\/uploads\/2022\/10\/InnovAhead-New-Company-Logo-February-2018-1-1-e1666705300404.png",112,112,false],"portfolio_item-thumbnail_cinema":["https:\/\/innovahead.com\/wp-content\/uploads\/2022\/10\/InnovAhead-New-Company-Logo-February-2018-1-1-e1666705300404.png",112,112,false],"portfolio_item-thumbnail_portrait":["https:\/\/innovahead.com\/wp-content\/uploads\/2022\/10\/InnovAhead-New-Company-Logo-February-2018-1-1-600x155.png",600,155,true],"portfolio_item-thumbnail_portrait@2x":["https:\/\/innovahead.com\/wp-content\/uploads\/2022\/10\/InnovAhead-New-Company-Logo-February-2018-1-1-e1666705300404.png",112,112,false],"portfolio_item-thumbnail_square":["https:\/\/innovahead.com\/wp-content\/uploads\/2022\/10\/InnovAhead-New-Company-Logo-February-2018-1-1-e1666705300404.png",112,112,false]},"_links":{"self":[{"href":"https:\/\/innovahead.com\/es\/wp-json\/wp\/v2\/pages\/34","targetHints":{"allow":["GET"]}}],"collection":[{"href":"https:\/\/innovahead.com\/es\/wp-json\/wp\/v2\/pages"}],"about":[{"href":"https:\/\/innovahead.com\/es\/wp-json\/wp\/v2\/types\/page"}],"author":[{"embeddable":true,"href":"https:\/\/innovahead.com\/es\/wp-json\/wp\/v2\/users\/1"}],"replies":[{"embeddable":true,"href":"https:\/\/innovahead.com\/es\/wp-json\/wp\/v2\/comments?post=34"}],"version-history":[{"count":30,"href":"https:\/\/innovahead.com\/es\/wp-json\/wp\/v2\/pages\/34\/revisions"}],"predecessor-version":[{"id":1131,"href":"https:\/\/innovahead.com\/es\/wp-json\/wp\/v2\/pages\/34\/revisions\/1131"}],"wp:featuredmedia":[{"embeddable":true,"href":"https:\/\/innovahead.com\/es\/wp-json\/wp\/v2\/media\/51"}],"wp:attachment":[{"href":"https:\/\/innovahead.com\/es\/wp-json\/wp\/v2\/media?parent=34"}],"curies":[{"name":"wp","href":"https:\/\/api.w.org\/{rel}","templated":true}]}}